{"id":86,"date":"2025-12-11T12:10:07","date_gmt":"2025-12-11T12:10:07","guid":{"rendered":"http:\/\/vt-luxuryagency.com\/?page_id=86"},"modified":"2025-12-12T12:25:43","modified_gmt":"2025-12-12T12:25:43","slug":"mentions-legales-et-politique-de-confidentialite","status":"publish","type":"page","link":"http:\/\/vt-luxuryagency.com\/index.php\/mentions-legales-et-politique-de-confidentialite\/","title":{"rendered":"Mentions l\u00e9gales"},"content":{"rendered":"\n<p class=\"has-x-large-font-size\"><strong><em>Mentions l\u00e9gales <\/em><\/strong><\/p>\n\n\n\n<p class=\"has-medium-font-size\">En conformit\u00e9 avec les dispositions de la loi n\u00b02004-575 du 21 juin 2004 pour la confiance en l&rsquo; \u00e9conomie num\u00e9rique, il est pr\u00e9cis\u00e9 aux utilisateurs du Site <strong>http:\/\/vt-luxuryagency.com <\/strong>l&rsquo; identit\u00e9 des diff\u00e9rents intervenants que ce soit dans le cadre de sa r\u00e9alisation et de son suivi.<\/p>\n\n\n\n<p class=\"has-large-font-size\"><strong><em>\u00c9diteur du site <\/em><\/strong><\/p>\n\n\n\n<ol class=\"wp-block-list\"><\/ol>\n\n\n\n<ul class=\"wp-block-list\">\n<li class=\"has-medium-font-size\"><strong>Nom<\/strong> : VT Luxury Agency<\/li>\n\n\n\n<li class=\"has-medium-font-size\"><strong>Forme juridique<\/strong> : SAS<\/li>\n\n\n\n<li class=\"has-medium-font-size\"><strong>Si\u00e8ge social<\/strong> : 10 rue Lucien Sportisse, 93270 Sevran<\/li>\n\n\n\n<li class=\"has-medium-font-size\"><strong>Capital social<\/strong> : 100,000\u20ac <\/li>\n\n\n\n<li class=\"has-medium-font-size\"><strong>Num\u00e9ro d&rsquo; immatriculation au RNE<\/strong> : 988 185 070<\/li>\n\n\n\n<li class=\"has-medium-font-size\"><strong>Num\u00e9ro de TVA intracommunautaire<\/strong> : FR94 988 185 070<\/li>\n\n\n\n<li class=\"has-medium-font-size\"><strong>Adresse e-mail<\/strong> : Vernet Tonide : vernet.tonide@gmail.com   <\/li>\n\n\n\n<li class=\"has-medium-font-size\"><strong>Num\u00e9ro de t\u00e9l\u00e9phone <\/strong>: Vernet Tonide : 07 81 56 46 16 <\/li>\n<\/ul>\n\n\n\n<p class=\"has-large-font-size\"><strong><em>H\u00e9bergeur du site <\/em><\/strong><\/p>\n\n\n\n<ul class=\"wp-block-list\">\n<li class=\"has-medium-font-size\"><strong>Nom<\/strong> : SAS OVH<\/li>\n\n\n\n<li class=\"has-medium-font-size\"><strong>Adresse<\/strong> : 2 rue Kellermann &#8211; BP 80157 &#8211; 59100 Roubaix<\/li>\n\n\n\n<li class=\"has-medium-font-size\"><strong>T\u00e9l\u00e9phone <\/strong>: 1007<\/li>\n<\/ul>\n\n\n\n<p><strong><em>Directeur de la publication <\/em><\/strong><\/p>\n\n\n\n<ul class=\"wp-block-list\">\n<li class=\"has-medium-font-size\">Nom : Vernet Tonide <\/li>\n\n\n\n<li class=\"has-medium-font-size\">E-mail : vernet.tonide@gmail.com   | 07 81 56 46 16   <\/li>\n<\/ul>\n\n\n\n<ol class=\"wp-block-list\"><\/ol>\n\n\n\n<p><strong><em>Propri\u00e9t\u00e9 intellectuelle <\/em><\/strong><\/p>\n\n\n\n<p class=\"has-medium-font-size\">L&rsquo; ensemble du contenu du site (textes, images, logos) est prot\u00e9g\u00e9 par le droit de la propri\u00e9t\u00e9 intellectuelle. Toute reproduction, repr\u00e9sentation ou utilisation sans autorisation pr\u00e9alable est strictement interdite.<\/p>\n\n\n\n<p class=\"has-large-font-size\"><em><strong>Donn\u00e9es personnelles (RGPD) <\/strong><\/em><\/p>\n\n\n\n<p class=\"has-medium-font-size\">Les donn\u00e9es personnelles collect\u00e9es (nom, contact, informations li\u00e9es \u00e0 l&rsquo;\u00e9v\u00e9nement) sont utilis\u00e9es uniquement pour r\u00e9pondre aux demandes, \u00e9tablir des devis et organiser les prestations de<strong> VT Luxury Agency<\/strong>. Elles ne sont jamais vendues. Conform\u00e9ment au RGPD, vous pouvez acc\u00e9der, rectifier ou supprimer vos donn\u00e9es en contactant : <strong>vt.luxuryagency@gmail.com<\/strong>.<\/p>\n\n\n\n<p><em><strong>Conditions d&rsquo; utilisations<\/strong><\/em><\/p>\n\n\n\n<p class=\"has-medium-font-size\">L&rsquo; utilisation du site implique l&rsquo; acceptation des pr\u00e9sentes mentions l\u00e9gales.<\/p>\n","protected":false},"excerpt":{"rendered":"<p>Mentions l\u00e9gales En conformit\u00e9 avec les dispositions de la loi n\u00b02004-575 du 21 juin 2004 pour la confiance en l&rsquo; \u00e9conomie num\u00e9rique, il est pr\u00e9cis\u00e9 aux utilisateurs du Site http:\/\/vt-luxuryagency.com l&rsquo; identit\u00e9 des diff\u00e9rents intervenants que ce soit dans le cadre de sa r\u00e9alisation et de son suivi. \u00c9diteur du site H\u00e9bergeur du site Directeur [&hellip;]<\/p>\n","protected":false},"author":1,"featured_media":0,"parent":0,"menu_order":0,"comment_status":"closed","ping_status":"closed","template":"","meta":{"footnotes":""},"class_list":["post-86","page","type-page","status-publish","hentry"],"_links":{"self":[{"href":"http:\/\/vt-luxuryagency.com\/index.php\/wp-json\/wp\/v2\/pages\/86","targetHints":{"allow":["GET"]}}],"collection":[{"href":"http:\/\/vt-luxuryagency.com\/index.php\/wp-json\/wp\/v2\/pages"}],"about":[{"href":"http:\/\/vt-luxuryagency.com\/index.php\/wp-json\/wp\/v2\/types\/page"}],"author":[{"embeddable":true,"href":"http:\/\/vt-luxuryagency.com\/index.php\/wp-json\/wp\/v2\/users\/1"}],"replies":[{"embeddable":true,"href":"http:\/\/vt-luxuryagency.com\/index.php\/wp-json\/wp\/v2\/comments?post=86"}],"version-history":[{"count":4,"href":"http:\/\/vt-luxuryagency.com\/index.php\/wp-json\/wp\/v2\/pages\/86\/revisions"}],"predecessor-version":[{"id":166,"href":"http:\/\/vt-luxuryagency.com\/index.php\/wp-json\/wp\/v2\/pages\/86\/revisions\/166"}],"wp:attachment":[{"href":"http:\/\/vt-luxuryagency.com\/index.php\/wp-json\/wp\/v2\/media?parent=86"}],"curies":[{"name":"wp","href":"https:\/\/api.w.org\/{rel}","templated":true}]}}