{"id":30,"date":"2025-12-11T11:05:28","date_gmt":"2025-12-11T11:05:28","guid":{"rendered":"http:\/\/vt-luxuryagency.com\/?page_id=30"},"modified":"2025-12-15T11:09:43","modified_gmt":"2025-12-15T11:09:43","slug":"nos-services","status":"publish","type":"page","link":"http:\/\/vt-luxuryagency.com\/index.php\/nos-services\/","title":{"rendered":"Nos services"},"content":{"rendered":"\n\n\n\n\n\n\n<div class=\"wp-block-group has-global-padding is-layout-constrained wp-block-group-is-layout-constrained\">\n<div class=\"wp-block-media-text is-stacked-on-mobile\" style=\"grid-template-columns:49% auto\"><figure class=\"wp-block-media-text__media\"><img loading=\"lazy\" decoding=\"async\" width=\"1024\" height=\"768\" src=\"http:\/\/vt-luxuryagency.com\/wp-content\/uploads\/2025\/12\/organiser-evenement-corporate-pavillon-cambon-idf-evenements-2.jpeg\" alt=\"\" class=\"wp-image-108 size-full\" srcset=\"http:\/\/vt-luxuryagency.com\/wp-content\/uploads\/2025\/12\/organiser-evenement-corporate-pavillon-cambon-idf-evenements-2.jpeg 1024w, http:\/\/vt-luxuryagency.com\/wp-content\/uploads\/2025\/12\/organiser-evenement-corporate-pavillon-cambon-idf-evenements-2-300x225.jpeg 300w, http:\/\/vt-luxuryagency.com\/wp-content\/uploads\/2025\/12\/organiser-evenement-corporate-pavillon-cambon-idf-evenements-2-768x576.jpeg 768w\" sizes=\"auto, (max-width: 1024px) 100vw, 1024px\" \/><\/figure><div class=\"wp-block-media-text__content\">\n<p class=\"has-contrast-color has-text-color has-link-color has-platypi-font-family has-large-font-size wp-elements-b0ad3eb8012ce5e4c6aa87521e2cbdcf\"><strong>\u00c9V\u00c9NEMENTIEL<\/strong><\/p>\n\n\n\n<p class=\"is-style-default has-contrast-color has-text-color has-link-color has-platypi-font-family has-medium-font-size wp-elements-5043785dcdd697691542844e5cfbd973\">L&rsquo; \u00e9l\u00e9gance et le raffinement de vos \u00e9v\u00e9nements accessibles et m\u00e9morables.<\/p>\n<\/div><\/div>\n<\/div>\n\n\n\n<div class=\"wp-block-group has-global-padding is-layout-constrained wp-block-group-is-layout-constrained\">\n<div class=\"wp-block-media-text is-stacked-on-mobile\"><figure class=\"wp-block-media-text__media\"><img loading=\"lazy\" decoding=\"async\" width=\"1024\" height=\"683\" src=\"http:\/\/vt-luxuryagency.com\/wp-content\/uploads\/2025\/12\/maxstockworld439614-65fdbd689b04e161886323-1024x683.jpg\" alt=\"\" class=\"wp-image-93 size-full\" srcset=\"http:\/\/vt-luxuryagency.com\/wp-content\/uploads\/2025\/12\/maxstockworld439614-65fdbd689b04e161886323-1024x683.jpg 1024w, http:\/\/vt-luxuryagency.com\/wp-content\/uploads\/2025\/12\/maxstockworld439614-65fdbd689b04e161886323-300x200.jpg 300w, http:\/\/vt-luxuryagency.com\/wp-content\/uploads\/2025\/12\/maxstockworld439614-65fdbd689b04e161886323-768x512.jpg 768w, http:\/\/vt-luxuryagency.com\/wp-content\/uploads\/2025\/12\/maxstockworld439614-65fdbd689b04e161886323-1536x1024.jpg 1536w, http:\/\/vt-luxuryagency.com\/wp-content\/uploads\/2025\/12\/maxstockworld439614-65fdbd689b04e161886323-2048x1365.jpg 2048w\" sizes=\"auto, (max-width: 1024px) 100vw, 1024px\" \/><\/figure><div class=\"wp-block-media-text__content\">\n<p class=\"has-text-align-left has-contrast-color has-text-color has-link-color has-platypi-font-family has-large-font-size wp-elements-7ddcecf8aed7de0694a2e480dcc81bae\"><strong>MARIAGES<\/strong><\/p>\n\n\n\n<p class=\"has-contrast-color has-text-color has-link-color has-platypi-font-family has-medium-font-size wp-elements-f5ea5d67944e7cbdac72f79cc3b3817c\">Du premier \u00e9change jusqu&rsquo; au jour J, nous vous guidons pas \u00e0 pas pour construire un mariage qui honore votre amour et d\u00e9passe toutes vos attentes.<\/p>\n<\/div><\/div>\n<\/div>\n\n\n\n<div class=\"wp-block-media-text is-stacked-on-mobile\"><figure class=\"wp-block-media-text__media\"><img loading=\"lazy\" decoding=\"async\" width=\"1024\" height=\"683\" src=\"http:\/\/vt-luxuryagency.com\/wp-content\/uploads\/2025\/12\/blog-decoration-marirage-1024x683-1.jpg\" alt=\"\" class=\"wp-image-94 size-full\" srcset=\"http:\/\/vt-luxuryagency.com\/wp-content\/uploads\/2025\/12\/blog-decoration-marirage-1024x683-1.jpg 1024w, http:\/\/vt-luxuryagency.com\/wp-content\/uploads\/2025\/12\/blog-decoration-marirage-1024x683-1-300x200.jpg 300w, http:\/\/vt-luxuryagency.com\/wp-content\/uploads\/2025\/12\/blog-decoration-marirage-1024x683-1-768x512.jpg 768w\" sizes=\"auto, (max-width: 1024px) 100vw, 1024px\" \/><\/figure><div class=\"wp-block-media-text__content\">\n<p class=\"has-text-align-left has-platypi-font-family has-large-font-size\"><strong>D\u00c9CORATIONS<\/strong><\/p>\n\n\n\n<p class=\"has-contrast-color has-text-color has-link-color has-platypi-font-family has-medium-font-size wp-elements-0838b1c25a5d3734dfe5f807718a8019\">Des d\u00e9cors uniques qui transforment chaque espace en un lieu magique et inoubliables.<\/p>\n<\/div><\/div>\n","protected":false},"excerpt":{"rendered":"<p>\u00c9V\u00c9NEMENTIEL L&rsquo; \u00e9l\u00e9gance et le raffinement de vos \u00e9v\u00e9nements accessibles et m\u00e9morables. MARIAGES Du premier \u00e9change jusqu&rsquo; au jour J, nous vous guidons pas \u00e0 pas pour construire un mariage qui honore votre amour et d\u00e9passe toutes vos attentes. D\u00c9CORATIONS Des d\u00e9cors uniques qui transforment chaque espace en un lieu magique et inoubliables.<\/p>\n","protected":false},"author":1,"featured_media":0,"parent":0,"menu_order":0,"comment_status":"closed","ping_status":"closed","template":"","meta":{"footnotes":""},"class_list":["post-30","page","type-page","status-publish","hentry"],"_links":{"self":[{"href":"http:\/\/vt-luxuryagency.com\/index.php\/wp-json\/wp\/v2\/pages\/30","targetHints":{"allow":["GET"]}}],"collection":[{"href":"http:\/\/vt-luxuryagency.com\/index.php\/wp-json\/wp\/v2\/pages"}],"about":[{"href":"http:\/\/vt-luxuryagency.com\/index.php\/wp-json\/wp\/v2\/types\/page"}],"author":[{"embeddable":true,"href":"http:\/\/vt-luxuryagency.com\/index.php\/wp-json\/wp\/v2\/users\/1"}],"replies":[{"embeddable":true,"href":"http:\/\/vt-luxuryagency.com\/index.php\/wp-json\/wp\/v2\/comments?post=30"}],"version-history":[{"count":15,"href":"http:\/\/vt-luxuryagency.com\/index.php\/wp-json\/wp\/v2\/pages\/30\/revisions"}],"predecessor-version":[{"id":211,"href":"http:\/\/vt-luxuryagency.com\/index.php\/wp-json\/wp\/v2\/pages\/30\/revisions\/211"}],"wp:attachment":[{"href":"http:\/\/vt-luxuryagency.com\/index.php\/wp-json\/wp\/v2\/media?parent=30"}],"curies":[{"name":"wp","href":"https:\/\/api.w.org\/{rel}","templated":true}]}}