{"id":24,"date":"2025-12-11T10:52:21","date_gmt":"2025-12-11T10:52:21","guid":{"rendered":"http:\/\/vt-luxuryagency.com\/?page_id=24"},"modified":"2025-12-19T10:37:20","modified_gmt":"2025-12-19T10:37:20","slug":"realisations","status":"publish","type":"page","link":"http:\/\/vt-luxuryagency.com\/index.php\/realisations\/","title":{"rendered":"R\u00e9alisations"},"content":{"rendered":"\n<p class=\"has-medium-font-size\">VT Luxury Agency con\u00e7oit et organise des \u00e9v\u00e9nements sur-mesure, alliant cr\u00e9ativit\u00e9 et excellence, et partage ici quelques unes de ses r\u00e9alisations les plus marquantes.<\/p>\n\n\n\n<p><strong>D\u00e9corations de stands professionnels de la MEDEF de Guyane<\/strong><\/p>\n\n\n\n<figure class=\"wp-block-gallery has-nested-images columns-default is-cropped wp-block-gallery-1 is-layout-flex wp-block-gallery-is-layout-flex\">\n<figure class=\"wp-block-image size-large is-resized\"><img loading=\"lazy\" decoding=\"async\" width=\"768\" height=\"1024\" data-id=\"174\" src=\"https:\/\/vt-luxuryagency.com\/wp-content\/uploads\/2025\/12\/f5627c06-8290-48c4-b795-97af181960e2-edited-768x1024.jpeg\" alt=\"\" class=\"wp-image-174\" style=\"width:278px;height:auto\" srcset=\"http:\/\/vt-luxuryagency.com\/wp-content\/uploads\/2025\/12\/f5627c06-8290-48c4-b795-97af181960e2-edited-768x1024.jpeg 768w, http:\/\/vt-luxuryagency.com\/wp-content\/uploads\/2025\/12\/f5627c06-8290-48c4-b795-97af181960e2-edited-225x300.jpeg 225w, http:\/\/vt-luxuryagency.com\/wp-content\/uploads\/2025\/12\/f5627c06-8290-48c4-b795-97af181960e2-edited-1152x1536.jpeg 1152w, http:\/\/vt-luxuryagency.com\/wp-content\/uploads\/2025\/12\/f5627c06-8290-48c4-b795-97af181960e2-edited.jpeg 1190w\" sizes=\"auto, (max-width: 768px) 100vw, 768px\" \/><\/figure>\n\n\n\n<figure class=\"wp-block-image size-large is-resized\"><img loading=\"lazy\" decoding=\"async\" width=\"768\" height=\"1024\" data-id=\"169\" src=\"https:\/\/vt-luxuryagency.com\/wp-content\/uploads\/2025\/12\/282db3a6-36e0-4f2e-b92c-b3de70752edd-768x1024.jpeg\" alt=\"\" class=\"wp-image-169\" style=\"width:274px;height:auto\" srcset=\"http:\/\/vt-luxuryagency.com\/wp-content\/uploads\/2025\/12\/282db3a6-36e0-4f2e-b92c-b3de70752edd-768x1024.jpeg 768w, http:\/\/vt-luxuryagency.com\/wp-content\/uploads\/2025\/12\/282db3a6-36e0-4f2e-b92c-b3de70752edd-225x300.jpeg 225w, http:\/\/vt-luxuryagency.com\/wp-content\/uploads\/2025\/12\/282db3a6-36e0-4f2e-b92c-b3de70752edd-1152x1536.jpeg 1152w, http:\/\/vt-luxuryagency.com\/wp-content\/uploads\/2025\/12\/282db3a6-36e0-4f2e-b92c-b3de70752edd.jpeg 1536w\" sizes=\"auto, (max-width: 768px) 100vw, 768px\" \/><\/figure>\n<\/figure>\n\n\n\n<figure class=\"wp-block-image aligncenter size-large is-resized is-style-default\"><img loading=\"lazy\" decoding=\"async\" width=\"1044\" height=\"1392\" src=\"http:\/\/vt-luxuryagency.com\/wp-content\/uploads\/2025\/12\/31bd98fa-1d70-4605-8e88-91eba4816f54-edited.jpeg\" alt=\"\" class=\"wp-image-176\" style=\"aspect-ratio:0.7500000260685471;width:336px;height:auto\" srcset=\"http:\/\/vt-luxuryagency.com\/wp-content\/uploads\/2025\/12\/31bd98fa-1d70-4605-8e88-91eba4816f54-edited.jpeg 1044w, http:\/\/vt-luxuryagency.com\/wp-content\/uploads\/2025\/12\/31bd98fa-1d70-4605-8e88-91eba4816f54-edited-225x300.jpeg 225w, http:\/\/vt-luxuryagency.com\/wp-content\/uploads\/2025\/12\/31bd98fa-1d70-4605-8e88-91eba4816f54-edited-768x1024.jpeg 768w\" sizes=\"auto, (max-width: 1044px) 100vw, 1044px\" \/><\/figure>\n\n\n\n<p class=\"has-text-align-left\"><strong>D\u00e9corations florales<\/strong><\/p>\n\n\n\n<figure class=\"wp-block-gallery has-nested-images columns-default is-cropped wp-block-gallery-2 is-layout-flex wp-block-gallery-is-layout-flex\">\n<figure class=\"wp-block-image size-large is-resized\"><img loading=\"lazy\" decoding=\"async\" width=\"1500\" height=\"1125\" data-id=\"223\" src=\"https:\/\/vt-luxuryagency.com\/wp-content\/uploads\/2025\/12\/743ca44e-9b1f-4e76-b377-92ad04b47895-edited.jpeg\" alt=\"\" class=\"wp-image-223\" style=\"width:520px;height:auto\" srcset=\"http:\/\/vt-luxuryagency.com\/wp-content\/uploads\/2025\/12\/743ca44e-9b1f-4e76-b377-92ad04b47895-edited.jpeg 1500w, http:\/\/vt-luxuryagency.com\/wp-content\/uploads\/2025\/12\/743ca44e-9b1f-4e76-b377-92ad04b47895-edited-300x225.jpeg 300w, http:\/\/vt-luxuryagency.com\/wp-content\/uploads\/2025\/12\/743ca44e-9b1f-4e76-b377-92ad04b47895-edited-1024x768.jpeg 1024w, http:\/\/vt-luxuryagency.com\/wp-content\/uploads\/2025\/12\/743ca44e-9b1f-4e76-b377-92ad04b47895-edited-768x576.jpeg 768w\" sizes=\"auto, (max-width: 1500px) 100vw, 1500px\" \/><\/figure>\n\n\n\n<figure class=\"wp-block-image size-large is-resized\"><img loading=\"lazy\" decoding=\"async\" width=\"1024\" height=\"768\" data-id=\"222\" src=\"https:\/\/vt-luxuryagency.com\/wp-content\/uploads\/2025\/12\/bd6d9fae-46a9-4dd1-9949-df69c985b83b-1-1024x768.jpeg\" alt=\"\" class=\"wp-image-222\" style=\"width:439px;height:auto\" srcset=\"http:\/\/vt-luxuryagency.com\/wp-content\/uploads\/2025\/12\/bd6d9fae-46a9-4dd1-9949-df69c985b83b-1-1024x768.jpeg 1024w, http:\/\/vt-luxuryagency.com\/wp-content\/uploads\/2025\/12\/bd6d9fae-46a9-4dd1-9949-df69c985b83b-1-300x225.jpeg 300w, http:\/\/vt-luxuryagency.com\/wp-content\/uploads\/2025\/12\/bd6d9fae-46a9-4dd1-9949-df69c985b83b-1-768x576.jpeg 768w, http:\/\/vt-luxuryagency.com\/wp-content\/uploads\/2025\/12\/bd6d9fae-46a9-4dd1-9949-df69c985b83b-1-1536x1152.jpeg 1536w, http:\/\/vt-luxuryagency.com\/wp-content\/uploads\/2025\/12\/bd6d9fae-46a9-4dd1-9949-df69c985b83b-1.jpeg 2048w\" sizes=\"auto, (max-width: 1024px) 100vw, 1024px\" \/><\/figure>\n<\/figure>\n\n\n\n<figure class=\"wp-block-image size-large is-resized\"><img loading=\"lazy\" decoding=\"async\" width=\"1024\" height=\"768\" src=\"https:\/\/vt-luxuryagency.com\/wp-content\/uploads\/2025\/12\/46f6a858-7729-4043-9ea8-308bd7f84e72-1-1024x768.jpeg\" alt=\"\" class=\"wp-image-224\" style=\"width:478px;height:auto\" srcset=\"http:\/\/vt-luxuryagency.com\/wp-content\/uploads\/2025\/12\/46f6a858-7729-4043-9ea8-308bd7f84e72-1-1024x768.jpeg 1024w, http:\/\/vt-luxuryagency.com\/wp-content\/uploads\/2025\/12\/46f6a858-7729-4043-9ea8-308bd7f84e72-1-300x225.jpeg 300w, http:\/\/vt-luxuryagency.com\/wp-content\/uploads\/2025\/12\/46f6a858-7729-4043-9ea8-308bd7f84e72-1-768x576.jpeg 768w, http:\/\/vt-luxuryagency.com\/wp-content\/uploads\/2025\/12\/46f6a858-7729-4043-9ea8-308bd7f84e72-1-1536x1152.jpeg 1536w, http:\/\/vt-luxuryagency.com\/wp-content\/uploads\/2025\/12\/46f6a858-7729-4043-9ea8-308bd7f84e72-1.jpeg 2048w\" sizes=\"auto, (max-width: 1024px) 100vw, 1024px\" \/><\/figure>\n\n\n\n<p class=\"has-text-align-left\"><strong>F\u00eates d&rsquo;anniversaires <\/strong><\/p>\n\n\n\n<figure class=\"wp-block-gallery has-nested-images columns-default is-cropped wp-block-gallery-3 is-layout-flex wp-block-gallery-is-layout-flex\">\n<figure class=\"wp-block-image size-large is-resized\"><img loading=\"lazy\" decoding=\"async\" width=\"1024\" height=\"768\" data-id=\"216\" src=\"https:\/\/vt-luxuryagency.com\/wp-content\/uploads\/2025\/12\/a9a5929b-aed0-417e-b2c4-7863d71099fd-1024x768.jpeg\" alt=\"\" class=\"wp-image-216\" style=\"width:339px;height:auto\" srcset=\"http:\/\/vt-luxuryagency.com\/wp-content\/uploads\/2025\/12\/a9a5929b-aed0-417e-b2c4-7863d71099fd-1024x768.jpeg 1024w, http:\/\/vt-luxuryagency.com\/wp-content\/uploads\/2025\/12\/a9a5929b-aed0-417e-b2c4-7863d71099fd-300x225.jpeg 300w, http:\/\/vt-luxuryagency.com\/wp-content\/uploads\/2025\/12\/a9a5929b-aed0-417e-b2c4-7863d71099fd-768x576.jpeg 768w, http:\/\/vt-luxuryagency.com\/wp-content\/uploads\/2025\/12\/a9a5929b-aed0-417e-b2c4-7863d71099fd-1536x1152.jpeg 1536w, http:\/\/vt-luxuryagency.com\/wp-content\/uploads\/2025\/12\/a9a5929b-aed0-417e-b2c4-7863d71099fd.jpeg 1600w\" sizes=\"auto, (max-width: 1024px) 100vw, 1024px\" \/><\/figure>\n\n\n\n<figure class=\"wp-block-image size-large\"><img loading=\"lazy\" decoding=\"async\" width=\"768\" height=\"1024\" data-id=\"225\" src=\"https:\/\/vt-luxuryagency.com\/wp-content\/uploads\/2025\/12\/6f43560b-ab64-4307-a3f1-8843f1010d51-edited-768x1024.jpeg\" alt=\"\" class=\"wp-image-225\" srcset=\"http:\/\/vt-luxuryagency.com\/wp-content\/uploads\/2025\/12\/6f43560b-ab64-4307-a3f1-8843f1010d51-edited-768x1024.jpeg 768w, http:\/\/vt-luxuryagency.com\/wp-content\/uploads\/2025\/12\/6f43560b-ab64-4307-a3f1-8843f1010d51-edited-225x300.jpeg 225w, http:\/\/vt-luxuryagency.com\/wp-content\/uploads\/2025\/12\/6f43560b-ab64-4307-a3f1-8843f1010d51-edited.jpeg 995w\" sizes=\"auto, (max-width: 768px) 100vw, 768px\" \/><\/figure>\n<\/figure>\n\n\n\n<figure class=\"wp-block-image size-large is-resized\"><img loading=\"lazy\" decoding=\"async\" width=\"1024\" height=\"768\" src=\"https:\/\/vt-luxuryagency.com\/wp-content\/uploads\/2025\/12\/7306be27-4cf8-49cc-a675-260183c58b46-1024x768.jpeg\" alt=\"\" class=\"wp-image-215\" style=\"width:448px;height:auto\" srcset=\"http:\/\/vt-luxuryagency.com\/wp-content\/uploads\/2025\/12\/7306be27-4cf8-49cc-a675-260183c58b46-1024x768.jpeg 1024w, http:\/\/vt-luxuryagency.com\/wp-content\/uploads\/2025\/12\/7306be27-4cf8-49cc-a675-260183c58b46-300x225.jpeg 300w, http:\/\/vt-luxuryagency.com\/wp-content\/uploads\/2025\/12\/7306be27-4cf8-49cc-a675-260183c58b46-768x576.jpeg 768w, http:\/\/vt-luxuryagency.com\/wp-content\/uploads\/2025\/12\/7306be27-4cf8-49cc-a675-260183c58b46-1536x1152.jpeg 1536w, http:\/\/vt-luxuryagency.com\/wp-content\/uploads\/2025\/12\/7306be27-4cf8-49cc-a675-260183c58b46.jpeg 1600w\" sizes=\"auto, (max-width: 1024px) 100vw, 1024px\" \/><\/figure>\n\n\n\n<figure class=\"wp-block-gallery has-nested-images columns-default is-cropped wp-block-gallery-4 is-layout-flex wp-block-gallery-is-layout-flex\"><\/figure>\n","protected":false},"excerpt":{"rendered":"<p>VT Luxury Agency con\u00e7oit et organise des \u00e9v\u00e9nements sur-mesure, alliant cr\u00e9ativit\u00e9 et excellence, et partage ici quelques unes de ses r\u00e9alisations les plus marquantes. D\u00e9corations de stands professionnels de la MEDEF de Guyane D\u00e9corations florales F\u00eates d&rsquo;anniversaires<\/p>\n","protected":false},"author":1,"featured_media":0,"parent":0,"menu_order":0,"comment_status":"closed","ping_status":"closed","template":"","meta":{"footnotes":""},"class_list":["post-24","page","type-page","status-publish","hentry"],"_links":{"self":[{"href":"http:\/\/vt-luxuryagency.com\/index.php\/wp-json\/wp\/v2\/pages\/24","targetHints":{"allow":["GET"]}}],"collection":[{"href":"http:\/\/vt-luxuryagency.com\/index.php\/wp-json\/wp\/v2\/pages"}],"about":[{"href":"http:\/\/vt-luxuryagency.com\/index.php\/wp-json\/wp\/v2\/types\/page"}],"author":[{"embeddable":true,"href":"http:\/\/vt-luxuryagency.com\/index.php\/wp-json\/wp\/v2\/users\/1"}],"replies":[{"embeddable":true,"href":"http:\/\/vt-luxuryagency.com\/index.php\/wp-json\/wp\/v2\/comments?post=24"}],"version-history":[{"count":5,"href":"http:\/\/vt-luxuryagency.com\/index.php\/wp-json\/wp\/v2\/pages\/24\/revisions"}],"predecessor-version":[{"id":226,"href":"http:\/\/vt-luxuryagency.com\/index.php\/wp-json\/wp\/v2\/pages\/24\/revisions\/226"}],"wp:attachment":[{"href":"http:\/\/vt-luxuryagency.com\/index.php\/wp-json\/wp\/v2\/media?parent=24"}],"curies":[{"name":"wp","href":"https:\/\/api.w.org\/{rel}","templated":true}]}}