{"id":21,"date":"2025-12-11T10:50:18","date_gmt":"2025-12-11T10:50:18","guid":{"rendered":"http:\/\/vt-luxuryagency.com\/?page_id=21"},"modified":"2026-04-17T12:01:56","modified_gmt":"2026-04-17T12:01:56","slug":"a-propos","status":"publish","type":"page","link":"http:\/\/vt-luxuryagency.com\/index.php\/a-propos\/","title":{"rendered":"A propos"},"content":{"rendered":"\n<div class=\"wp-block-group is-layout-constrained wp-block-group-is-layout-constrained\">\n<h2 class=\"wp-block-heading has-text-align-left\">A propos<\/h2>\n\n\n\n<p class=\"has-medium-font-size\">Notre histoire <\/p>\n\n\n\n<p class=\"has-ast-global-color-8-color has-text-color has-link-color has-small-font-size wp-elements-984894a8db874d45781d6cbfe640760d\">N\u00e9e d&rsquo;une passion pour l&rsquo;art de recevoir et le sens du d\u00e9tail, VT Luxury Agency s&rsquo;inspire des richesses culturelles afro-carib\u00e9ennes pour cr\u00e9er des \u00e9v\u00e9nements empreints d&rsquo;authenticit\u00e9 et d&rsquo;\u00e9l\u00e9gance. Chaque projet est une rencontre, une vison que nous transformons en exp\u00e9rience unique.<\/p>\n\n\n\n<p class=\"has-medium-font-size\">Notre vision<\/p>\n\n\n\n<p class=\"has-small-font-size\">Nous croyons que chaque \u00e9v\u00e9nement est bien plus qu&rsquo;une simple organisation : c&rsquo;est une \u00e9motion \u00e0 transmettre, une histoire \u00e0 raconter et un souvenir \u00e0 faire vivre dans le temps. <\/p>\n\n\n\n<p class=\"has-medium-font-size\">Nos valeurs <\/p>\n\n\n\n<ul class=\"wp-block-list\">\n<li class=\"has-small-font-size\"><strong>Authenticit\u00e9 <\/strong>&#8211; Respect des cultures et des traditions  <\/li>\n\n\n\n<li class=\"has-small-font-size\"><strong>Excellence <\/strong>&#8211; Une attention port\u00e9e aux d\u00e9tails <\/li>\n\n\n\n<li class=\"has-small-font-size\"><strong>Cr\u00e9ativit\u00e9 <\/strong>: Des concepts uniques et sur mesure.<\/li>\n<\/ul>\n\n\n\n<p><\/p>\n\n\n\n<p class=\"has-text-align-center has-medium-font-size\">\u00ab\u00a0<em>Cr\u00e9ez avec le c\u0153ur, sublimer avec l&rsquo;\u00e9l\u00e9gance, laisser une empreinte inoubliable.<\/em>\u00ab\u00a0<\/p>\n<\/div>\n","protected":false},"excerpt":{"rendered":"<p>A propos Notre histoire N\u00e9e d&rsquo;une passion pour l&rsquo;art de recevoir et le sens du d\u00e9tail, VT Luxury Agency s&rsquo;inspire [&hellip;]<\/p>\n","protected":false},"author":1,"featured_media":0,"parent":0,"menu_order":0,"comment_status":"closed","ping_status":"closed","template":"","meta":{"site-sidebar-layout":"default","site-content-layout":"","ast-site-content-layout":"default","site-content-style":"default","site-sidebar-style":"default","ast-global-header-display":"","ast-banner-title-visibility":"","ast-main-header-display":"","ast-hfb-above-header-display":"","ast-hfb-below-header-display":"","ast-hfb-mobile-header-display":"","site-post-title":"disabled","ast-breadcrumbs-content":"","ast-featured-img":"","footer-sml-layout":"","ast-disable-related-posts":"","theme-transparent-header-meta":"","adv-header-id-meta":"","stick-header-meta":"","header-above-stick-meta":"","header-main-stick-meta":"","header-below-stick-meta":"","astra-migrate-meta-layouts":"default","ast-page-background-enabled":"default","ast-page-background-meta":{"desktop":{"background-color":"var(--ast-global-color-5)","background-image":"","background-repeat":"repeat","background-position":"center center","background-size":"auto","background-attachment":"scroll","background-type":"","background-media":"","overlay-type":"","overlay-color":"","overlay-opacity":"","overlay-gradient":""},"tablet":{"background-color":"","background-image":"","background-repeat":"repeat","background-position":"center center","background-size":"auto","background-attachment":"scroll","background-type":"","background-media":"","overlay-type":"","overlay-color":"","overlay-opacity":"","overlay-gradient":""},"mobile":{"background-color":"","background-image":"","background-repeat":"repeat","background-position":"center center","background-size":"auto","background-attachment":"scroll","background-type":"","background-media":"","overlay-type":"","overlay-color":"","overlay-opacity":"","overlay-gradient":""}},"ast-content-background-meta":{"desktop":{"background-color":"var(--ast-global-color-4)","background-image":"","background-repeat":"repeat","background-position":"center center","background-size":"auto","background-attachment":"scroll","background-type":"","background-media":"","overlay-type":"","overlay-color":"","overlay-opacity":"","overlay-gradient":""},"tablet":{"background-color":"var(--ast-global-color-4)","background-image":"","background-repeat":"repeat","background-position":"center center","background-size":"auto","background-attachment":"scroll","background-type":"","background-media":"","overlay-type":"","overlay-color":"","overlay-opacity":"","overlay-gradient":""},"mobile":{"background-color":"var(--ast-global-color-4)","background-image":"","background-repeat":"repeat","background-position":"center center","background-size":"auto","background-attachment":"scroll","background-type":"","background-media":"","overlay-type":"","overlay-color":"","overlay-opacity":"","overlay-gradient":""}},"footnotes":""},"class_list":["post-21","page","type-page","status-publish","hentry"],"yoast_head":"<!-- This site is optimized with the Yoast SEO plugin v27.4 - https:\/\/yoast.com\/product\/yoast-seo-wordpress\/ -->\n<title>A propos - VT Luxury Agency<\/title>\n<meta name=\"robots\" content=\"index, follow, max-snippet:-1, max-image-preview:large, max-video-preview:-1\" \/>\n<link rel=\"canonical\" href=\"https:\/\/vt-luxuryagency.com\/index.php\/a-propos\/\" \/>\n<meta property=\"og:locale\" content=\"fr_FR\" \/>\n<meta property=\"og:type\" content=\"article\" \/>\n<meta property=\"og:title\" content=\"A propos - VT Luxury Agency\" \/>\n<meta property=\"og:description\" content=\"A propos Notre histoire N\u00e9e d&rsquo;une passion pour l&rsquo;art de recevoir et le sens du d\u00e9tail, VT Luxury Agency s&rsquo;inspire [&hellip;]\" \/>\n<meta property=\"og:url\" content=\"https:\/\/vt-luxuryagency.com\/index.php\/a-propos\/\" \/>\n<meta property=\"og:site_name\" content=\"VT Luxury Agency\" \/>\n<meta property=\"article:modified_time\" content=\"2026-04-17T12:01:56+00:00\" \/>\n<meta name=\"twitter:card\" content=\"summary_large_image\" \/>\n<meta name=\"twitter:label1\" content=\"Dur\u00e9e de lecture estim\u00e9e\" \/>\n\t<meta name=\"twitter:data1\" content=\"1 minute\" \/>\n<script type=\"application\/ld+json\" class=\"yoast-schema-graph\">{\"@context\":\"https:\\\/\\\/schema.org\",\"@graph\":[{\"@type\":\"WebPage\",\"@id\":\"https:\\\/\\\/vt-luxuryagency.com\\\/index.php\\\/a-propos\\\/\",\"url\":\"https:\\\/\\\/vt-luxuryagency.com\\\/index.php\\\/a-propos\\\/\",\"name\":\"A propos - VT Luxury Agency\",\"isPartOf\":{\"@id\":\"http:\\\/\\\/vt-luxuryagency.com\\\/#website\"},\"datePublished\":\"2025-12-11T10:50:18+00:00\",\"dateModified\":\"2026-04-17T12:01:56+00:00\",\"breadcrumb\":{\"@id\":\"https:\\\/\\\/vt-luxuryagency.com\\\/index.php\\\/a-propos\\\/#breadcrumb\"},\"inLanguage\":\"fr-FR\",\"potentialAction\":[{\"@type\":\"ReadAction\",\"target\":[\"https:\\\/\\\/vt-luxuryagency.com\\\/index.php\\\/a-propos\\\/\"]}]},{\"@type\":\"BreadcrumbList\",\"@id\":\"https:\\\/\\\/vt-luxuryagency.com\\\/index.php\\\/a-propos\\\/#breadcrumb\",\"itemListElement\":[{\"@type\":\"ListItem\",\"position\":1,\"name\":\"Accueil\",\"item\":\"http:\\\/\\\/vt-luxuryagency.com\\\/\"},{\"@type\":\"ListItem\",\"position\":2,\"name\":\"A propos\"}]},{\"@type\":\"WebSite\",\"@id\":\"http:\\\/\\\/vt-luxuryagency.com\\\/#website\",\"url\":\"http:\\\/\\\/vt-luxuryagency.com\\\/\",\"name\":\"VT Luxury Agency\",\"description\":\"L&#039;excellence au c\u0153ur de vos \u00e9v\u00e9nements. \",\"publisher\":{\"@id\":\"http:\\\/\\\/vt-luxuryagency.com\\\/#organization\"},\"potentialAction\":[{\"@type\":\"SearchAction\",\"target\":{\"@type\":\"EntryPoint\",\"urlTemplate\":\"http:\\\/\\\/vt-luxuryagency.com\\\/?s={search_term_string}\"},\"query-input\":{\"@type\":\"PropertyValueSpecification\",\"valueRequired\":true,\"valueName\":\"search_term_string\"}}],\"inLanguage\":\"fr-FR\"},{\"@type\":\"Organization\",\"@id\":\"http:\\\/\\\/vt-luxuryagency.com\\\/#organization\",\"name\":\"VT Luxury Agency\",\"url\":\"http:\\\/\\\/vt-luxuryagency.com\\\/\",\"logo\":{\"@type\":\"ImageObject\",\"inLanguage\":\"fr-FR\",\"@id\":\"http:\\\/\\\/vt-luxuryagency.com\\\/#\\\/schema\\\/logo\\\/image\\\/\",\"url\":\"http:\\\/\\\/vt-luxuryagency.com\\\/wp-content\\\/uploads\\\/2025\\\/12\\\/cropped-images.jpg\",\"contentUrl\":\"http:\\\/\\\/vt-luxuryagency.com\\\/wp-content\\\/uploads\\\/2025\\\/12\\\/cropped-images.jpg\",\"width\":512,\"height\":512,\"caption\":\"VT Luxury Agency\"},\"image\":{\"@id\":\"http:\\\/\\\/vt-luxuryagency.com\\\/#\\\/schema\\\/logo\\\/image\\\/\"}}]}<\/script>\n<!-- \/ Yoast SEO plugin. -->","yoast_head_json":{"title":"A propos - VT Luxury Agency","robots":{"index":"index","follow":"follow","max-snippet":"max-snippet:-1","max-image-preview":"max-image-preview:large","max-video-preview":"max-video-preview:-1"},"canonical":"https:\/\/vt-luxuryagency.com\/index.php\/a-propos\/","og_locale":"fr_FR","og_type":"article","og_title":"A propos - VT Luxury Agency","og_description":"A propos Notre histoire N\u00e9e d&rsquo;une passion pour l&rsquo;art de recevoir et le sens du d\u00e9tail, VT Luxury Agency s&rsquo;inspire [&hellip;]","og_url":"https:\/\/vt-luxuryagency.com\/index.php\/a-propos\/","og_site_name":"VT Luxury Agency","article_modified_time":"2026-04-17T12:01:56+00:00","twitter_card":"summary_large_image","twitter_misc":{"Dur\u00e9e de lecture estim\u00e9e":"1 minute"},"schema":{"@context":"https:\/\/schema.org","@graph":[{"@type":"WebPage","@id":"https:\/\/vt-luxuryagency.com\/index.php\/a-propos\/","url":"https:\/\/vt-luxuryagency.com\/index.php\/a-propos\/","name":"A propos - VT Luxury Agency","isPartOf":{"@id":"http:\/\/vt-luxuryagency.com\/#website"},"datePublished":"2025-12-11T10:50:18+00:00","dateModified":"2026-04-17T12:01:56+00:00","breadcrumb":{"@id":"https:\/\/vt-luxuryagency.com\/index.php\/a-propos\/#breadcrumb"},"inLanguage":"fr-FR","potentialAction":[{"@type":"ReadAction","target":["https:\/\/vt-luxuryagency.com\/index.php\/a-propos\/"]}]},{"@type":"BreadcrumbList","@id":"https:\/\/vt-luxuryagency.com\/index.php\/a-propos\/#breadcrumb","itemListElement":[{"@type":"ListItem","position":1,"name":"Accueil","item":"http:\/\/vt-luxuryagency.com\/"},{"@type":"ListItem","position":2,"name":"A propos"}]},{"@type":"WebSite","@id":"http:\/\/vt-luxuryagency.com\/#website","url":"http:\/\/vt-luxuryagency.com\/","name":"VT Luxury Agency","description":"L&#039;excellence au c\u0153ur de vos \u00e9v\u00e9nements. ","publisher":{"@id":"http:\/\/vt-luxuryagency.com\/#organization"},"potentialAction":[{"@type":"SearchAction","target":{"@type":"EntryPoint","urlTemplate":"http:\/\/vt-luxuryagency.com\/?s={search_term_string}"},"query-input":{"@type":"PropertyValueSpecification","valueRequired":true,"valueName":"search_term_string"}}],"inLanguage":"fr-FR"},{"@type":"Organization","@id":"http:\/\/vt-luxuryagency.com\/#organization","name":"VT Luxury Agency","url":"http:\/\/vt-luxuryagency.com\/","logo":{"@type":"ImageObject","inLanguage":"fr-FR","@id":"http:\/\/vt-luxuryagency.com\/#\/schema\/logo\/image\/","url":"http:\/\/vt-luxuryagency.com\/wp-content\/uploads\/2025\/12\/cropped-images.jpg","contentUrl":"http:\/\/vt-luxuryagency.com\/wp-content\/uploads\/2025\/12\/cropped-images.jpg","width":512,"height":512,"caption":"VT Luxury Agency"},"image":{"@id":"http:\/\/vt-luxuryagency.com\/#\/schema\/logo\/image\/"}}]}},"_links":{"self":[{"href":"http:\/\/vt-luxuryagency.com\/index.php\/wp-json\/wp\/v2\/pages\/21","targetHints":{"allow":["GET"]}}],"collection":[{"href":"http:\/\/vt-luxuryagency.com\/index.php\/wp-json\/wp\/v2\/pages"}],"about":[{"href":"http:\/\/vt-luxuryagency.com\/index.php\/wp-json\/wp\/v2\/types\/page"}],"author":[{"embeddable":true,"href":"http:\/\/vt-luxuryagency.com\/index.php\/wp-json\/wp\/v2\/users\/1"}],"replies":[{"embeddable":true,"href":"http:\/\/vt-luxuryagency.com\/index.php\/wp-json\/wp\/v2\/comments?post=21"}],"version-history":[{"count":7,"href":"http:\/\/vt-luxuryagency.com\/index.php\/wp-json\/wp\/v2\/pages\/21\/revisions"}],"predecessor-version":[{"id":344,"href":"http:\/\/vt-luxuryagency.com\/index.php\/wp-json\/wp\/v2\/pages\/21\/revisions\/344"}],"wp:attachment":[{"href":"http:\/\/vt-luxuryagency.com\/index.php\/wp-json\/wp\/v2\/media?parent=21"}],"curies":[{"name":"wp","href":"https:\/\/api.w.org\/{rel}","templated":true}]}}