{"id":10,"date":"2025-12-11T10:29:54","date_gmt":"2025-12-11T10:29:54","guid":{"rendered":"http:\/\/vt-luxuryagency.com\/?page_id=10"},"modified":"2025-12-11T14:16:00","modified_gmt":"2025-12-11T14:16:00","slug":"accueil","status":"publish","type":"page","link":"http:\/\/vt-luxuryagency.com\/index.php\/accueil\/","title":{"rendered":"Accueil"},"content":{"rendered":"\n<figure class=\"wp-block-image size-full is-resized\"><img loading=\"lazy\" decoding=\"async\" width=\"1058\" height=\"1497\" src=\"http:\/\/vt-luxuryagency.com\/wp-content\/uploads\/2025\/12\/VT_luxury_agency_noir-1-pdf.jpg\" alt=\"\" class=\"wp-image-135\" style=\"aspect-ratio:0.7067460241824407;width:146px;height:auto\"\/><\/figure>\n\n\n\n<div class=\"wp-block-group is-nowrap is-layout-flex wp-container-core-group-is-layout-6c531013 wp-block-group-is-layout-flex\">\n<p>Bienvenue chez VT Luxury Agency, o\u00f9 chaque \u00e9v\u00e9nement devient une exp\u00e9rience unique et inoubliable. <\/p>\n<\/div>\n\n\n\n<p>Nous vous accueillons chez VT Luxury Agency pour donner vie \u00e0 des \u00e9v\u00e9nements de luxe abordables et uniques.<\/p>\n","protected":false},"excerpt":{"rendered":"<p>Bienvenue chez VT Luxury Agency, o\u00f9 chaque \u00e9v\u00e9nement devient une exp\u00e9rience unique et inoubliable. Nous vous accueillons chez VT Luxury Agency pour donner vie \u00e0 des \u00e9v\u00e9nements de luxe abordables et uniques.<\/p>\n","protected":false},"author":1,"featured_media":0,"parent":0,"menu_order":0,"comment_status":"closed","ping_status":"closed","template":"","meta":{"footnotes":""},"class_list":["post-10","page","type-page","status-publish","hentry"],"_links":{"self":[{"href":"http:\/\/vt-luxuryagency.com\/index.php\/wp-json\/wp\/v2\/pages\/10","targetHints":{"allow":["GET"]}}],"collection":[{"href":"http:\/\/vt-luxuryagency.com\/index.php\/wp-json\/wp\/v2\/pages"}],"about":[{"href":"http:\/\/vt-luxuryagency.com\/index.php\/wp-json\/wp\/v2\/types\/page"}],"author":[{"embeddable":true,"href":"http:\/\/vt-luxuryagency.com\/index.php\/wp-json\/wp\/v2\/users\/1"}],"replies":[{"embeddable":true,"href":"http:\/\/vt-luxuryagency.com\/index.php\/wp-json\/wp\/v2\/comments?post=10"}],"version-history":[{"count":7,"href":"http:\/\/vt-luxuryagency.com\/index.php\/wp-json\/wp\/v2\/pages\/10\/revisions"}],"predecessor-version":[{"id":137,"href":"http:\/\/vt-luxuryagency.com\/index.php\/wp-json\/wp\/v2\/pages\/10\/revisions\/137"}],"wp:attachment":[{"href":"http:\/\/vt-luxuryagency.com\/index.php\/wp-json\/wp\/v2\/media?parent=10"}],"curies":[{"name":"wp","href":"https:\/\/api.w.org\/{rel}","templated":true}]}}